{"id":2365,"date":"2023-07-28T15:13:14","date_gmt":"2023-07-28T13:13:14","guid":{"rendered":"http:\/\/umzug-mansholt.borgmeier.media\/ihr-umzugsunternehmen-auf-sylt\/"},"modified":"2024-05-07T10:20:33","modified_gmt":"2024-05-07T08:20:33","slug":"your-moving-company-for-sylt","status":"publish","type":"page","link":"https:\/\/www.umzug-mansholt.de\/en\/your-moving-company-for-sylt\/","title":{"rendered":"Your moving company for Sylt"},"content":{"rendered":"\n<style type=\"text\/css\" data-created_by=\"avia_inline_auto\" id=\"style-css-av-34hyil-4f0f3c24c4709130b13f3860b2192dae\">\n.avia-section.av-34hyil-4f0f3c24c4709130b13f3860b2192dae{\nbackground-repeat:no-repeat;\nbackground-image:url(https:\/\/www.umzug-mansholt.de\/wp-content\/uploads\/2023\/07\/umzuge-bg3.jpg);\nbackground-position:50% 50%;\nbackground-attachment:scroll;\n}\n<\/style>\n<div id='av_section_1'  class='avia-section av-34hyil-4f0f3c24c4709130b13f3860b2192dae main_color avia-section-default avia-no-border-styling  avia-builder-el-0  el_before_av_section  avia-builder-el-first  avia-full-stretch avia-bg-style-scroll av-minimum-height av-minimum-height-50 av-height-50  container_wrap fullsize'  data-section-bg-repeat='stretch' data-av_minimum_height_pc='50' data-av_min_height_opt='50'><div class='container av-section-cont-open' ><main  role=\"main\" itemprop=\"mainContentOfPage\"  class='template-page content  av-content-full alpha units'><div class='post-entry post-entry-type-page post-entry-2365'><div class='entry-content-wrapper clearfix'>\n<div  class='flex_column av-7xvkl-28798de202107e84a5e13bb15c1c5273 av_one_full  avia-builder-el-1  el_before_av_one_full  avia-builder-el-first  first flex_column_div av-animated-generic left-to-right  '     ><style type=\"text\/css\" data-created_by=\"avia_inline_auto\" id=\"style-css-av-lkaxdc33-3fb9384134067a998205e396915786ef\">\n#top .av-special-heading.av-lkaxdc33-3fb9384134067a998205e396915786ef{\npadding-bottom:0;\ncolor:#ffffff;\n}\nbody .av-special-heading.av-lkaxdc33-3fb9384134067a998205e396915786ef .av-special-heading-tag .heading-char{\nfont-size:25px;\n}\n.av-special-heading.av-lkaxdc33-3fb9384134067a998205e396915786ef .special-heading-inner-border{\nborder-color:#ffffff;\n}\n.av-special-heading.av-lkaxdc33-3fb9384134067a998205e396915786ef .av-subheading{\nfont-size:15px;\n}\n<\/style>\n<div  class='av-special-heading av-lkaxdc33-3fb9384134067a998205e396915786ef av-special-heading-h1 custom-color-heading blockquote modern-quote  avia-builder-el-2  avia-builder-el-no-sibling  h-bg-red'><h1 class='av-special-heading-tag '  itemprop=\"headline\"  >Your moving company for Sylt<\/h1><div class=\"special-heading-border\"><div class=\"special-heading-inner-border\"><\/div><\/div><\/div><\/div>\n<style type=\"text\/css\" data-created_by=\"avia_inline_auto\" id=\"style-css-av-av_one_full-363ad5534d069b7e6ebb8de7d4e71734\">\n#top .flex_column.av-av_one_full-363ad5534d069b7e6ebb8de7d4e71734{\nmargin-top:0px;\nmargin-bottom:0px;\n}\n.responsive #top #wrap_all .flex_column.av-av_one_full-363ad5534d069b7e6ebb8de7d4e71734{\nmargin-top:0px;\nmargin-bottom:0px;\n}\n<\/style>\n<div  class='flex_column av-av_one_full-363ad5534d069b7e6ebb8de7d4e71734 av_one_full  avia-builder-el-3  el_after_av_one_full  avia-builder-el-last  slogan-section first flex_column_div av-animated-generic left-to-right  column-top-margin'     ><div  class='avia-button-wrap av-av_button-762388047630f67a363c5f25d23feacc-wrap avia-button-left  avia-builder-el-4  avia-builder-el-no-sibling  button-header'><a href='#tabs'  class='avia-button av-av_button-762388047630f67a363c5f25d23feacc av-link-btn avia-icon_select-yes-right-icon avia-size-x-large avia-position-left avia-color-theme-color'   aria-label=\"QUICK INQUIRY\"><span class='avia_iconbox_title' >QUICK INQUIRY<\/span><span class='avia_button_icon avia_button_icon_right avia-iconfont avia-font-entypo-fontello' data-av_icon='\ue82b' data-av_iconfont='entypo-fontello' ><\/span><\/a><\/div><\/div><\/div><\/div><\/main><!-- close content main element --><\/div><\/div><div id='av_section_2'  class='avia-section av-2wiuv9-abc43688251e06239392e26dd0b55013 main_color avia-section-large avia-no-border-styling  avia-builder-el-5  el_after_av_section  el_before_av_section  avia-bg-style-scroll container_wrap fullsize'  ><div class='container av-section-cont-open' ><div class='template-page content  av-content-full alpha units'><div class='post-entry post-entry-type-page post-entry-2365'><div class='entry-content-wrapper clearfix'>\n<div  class='flex_column av-9pdu5-915d147482e549c209166d68836b26b7 av_one_half  avia-builder-el-6  el_before_av_one_half  avia-builder-el-first  first flex_column_div av-animated-generic left-to-right  '     ><p>\n<style type=\"text\/css\" data-created_by=\"avia_inline_auto\" id=\"style-css-av-lkaxct3y-6b1505a8f9f4d607a51db4a87ead6814\">\nbody .av-special-heading.av-lkaxct3y-6b1505a8f9f4d607a51db4a87ead6814 .av-special-heading-tag .heading-char{\nfont-size:25px;\n}\n.av-special-heading.av-lkaxct3y-6b1505a8f9f4d607a51db4a87ead6814 .av-subheading{\nfont-size:15px;\n}\n<\/style>\n<div  class='av-special-heading av-lkaxct3y-6b1505a8f9f4d607a51db4a87ead6814 av-special-heading-h2 blockquote modern-quote  avia-builder-el-7  el_before_av_hr  avia-builder-el-first '><h2 class='av-special-heading-tag '  itemprop=\"headline\"  >YOUR MOVE ON SYLT WITH UMZ\u00dcGE MANSHOLT<\/h2><div class=\"special-heading-border\"><div class=\"special-heading-inner-border\"><\/div><\/div><\/div><br \/>\n\n<style type=\"text\/css\" data-created_by=\"avia_inline_auto\" id=\"style-css-av-lkaxk99i-48fc07bc262f573d3d0025e723f8b913\">\n#top .hr.av-lkaxk99i-48fc07bc262f573d3d0025e723f8b913{\nmargin-top:10px;\nmargin-bottom:10px;\n}\n.hr.av-lkaxk99i-48fc07bc262f573d3d0025e723f8b913 .hr-inner{\nwidth:125px;\nborder-color:#da0c1b;\n}\n<\/style>\n<div  class='hr av-lkaxk99i-48fc07bc262f573d3d0025e723f8b913 hr-custom  avia-builder-el-8  el_after_av_heading  el_before_av_textblock  hr-left hr-icon-no'><span class='hr-inner inner-border-av-border-fat'><span class=\"hr-inner-style\"><\/span><\/span><\/div><br \/>\n<section  class='av_textblock_section av-lkaxeurf-1889585799e9bd68b3d8b8d1d422094b '   itemscope=\"itemscope\" itemtype=\"https:\/\/schema.org\/CreativeWork\" ><div class='avia_textblock'  itemprop=\"text\" ><p>Our moving company for Sylt realizes your <a href=\"https:\/\/umzug-mansholt.de\/en\/moves\/private-moves\/moving-to-an-island\/\">island move<\/a> to the Frisian island in the German North Sea. Based in Ganderkesee near <a href=\"https:\/\/umzug-mansholt.de\/en\/your-moving-company-in-bremen\/\">Bremen<\/a>, we particularly serve the north and northwest of the republic with our energetic expertise. We take care of <a href=\"https:\/\/umzug-mansholt.de\/en\/moves\/private-moves\/\">private moves<\/a> as well as <a href=\"https:\/\/umzug-mansholt.de\/en\/moves\/company-relocations\/\">company moves<\/a>, which we carry out nationally as well as <a href=\"https:\/\/umzug-mansholt.de\/en\/moves\/international-relocations\/\">internationally<\/a> with the help of our own<a href=\"https:\/\/umzug-mansholt.de\/en\/logistics\/\"> logistics<\/a>. Your move will be accompanied by the experienced <a href=\"https:\/\/umzug-mansholt.de\/en\/umzug-mansholt\/\">team<\/a> of our moving company for Sylt, which will provide you with a transparent and, if required, fully comprehensive offer in advance. For this purpose, we will make an appointment with you on site to get an overview of your current situation before we put your plans for a move to Sylt into practice.<\/p>\n<\/div><\/section><\/p><\/div><div  class='flex_column av-2kn4px-816cf9921526ed3fc91031e8f25a03e7 av_one_half  avia-builder-el-10  el_after_av_one_half  el_before_av_one_half  flex_column_div av-animated-generic left-to-right  '     ><style type=\"text\/css\" data-created_by=\"avia_inline_auto\" id=\"style-css-av-lkaxs8mw-34777e560a81c0c889eae0edf6865785\">\n.avia-image-container.av-lkaxs8mw-34777e560a81c0c889eae0edf6865785 img.avia_image{\nbox-shadow:none;\n}\n.avia-image-container.av-lkaxs8mw-34777e560a81c0c889eae0edf6865785 .av-image-caption-overlay-center{\ncolor:#ffffff;\n}\n<\/style>\n<div  class='avia-image-container av-lkaxs8mw-34777e560a81c0c889eae0edf6865785 av-styling- avia-align-center  avia-builder-el-11  avia-builder-el-no-sibling '   itemprop=\"image\" itemscope=\"itemscope\" itemtype=\"https:\/\/schema.org\/ImageObject\" ><div class=\"avia-image-container-inner\"><div class=\"avia-image-overlay-wrap\"><img class='avia_image ' src='https:\/\/www.umzug-mansholt.de\/wp-content\/uploads\/2023\/07\/umzuege_mansholt_sylt.jpg' alt='Eine Br\u00fccke, die durch die D\u00fchnen f\u00fchrt mit Blick auf den Sylter Strand' title=''  height=\"533\" width=\"800\"  itemprop=\"thumbnailUrl\"  \/><\/div><\/div><\/div><\/div><div class='av-column-wrapper-individual av-mobile-columns-flex av-columns-reverse'><div  class='flex_column av-3k6fkl-b1719ca3e357ea49957bf35ac435bb4b av_one_half  avia-builder-el-12  el_after_av_one_half  el_before_av_one_half  first flex_column_div av-animated-generic left-to-right  column-top-margin'     ><style type=\"text\/css\" data-created_by=\"avia_inline_auto\" id=\"style-css-av-3e0rmt-ab5289d29c52a7270462f64ab81a8c0f\">\n.avia-image-container.av-3e0rmt-ab5289d29c52a7270462f64ab81a8c0f img.avia_image{\nbox-shadow:none;\n}\n.avia-image-container.av-3e0rmt-ab5289d29c52a7270462f64ab81a8c0f .av-image-caption-overlay-center{\ncolor:#ffffff;\n}\n<\/style>\n<div  class='avia-image-container av-3e0rmt-ab5289d29c52a7270462f64ab81a8c0f av-styling- avia-align-center  avia-builder-el-13  avia-builder-el-no-sibling '   itemprop=\"image\" itemscope=\"itemscope\" itemtype=\"https:\/\/schema.org\/ImageObject\" ><div class=\"avia-image-container-inner\"><div class=\"avia-image-overlay-wrap\"><img class='avia_image ' src='https:\/\/www.umzug-mansholt.de\/wp-content\/uploads\/2023\/07\/umzuege_mansholt_sylt_2.jpg' alt='Gestapelte Holzboxen' title=''  height=\"533\" width=\"800\"  itemprop=\"thumbnailUrl\"  \/><\/div><\/div><\/div><\/div><div  class='flex_column av-3w2jlx-22e4b60408ccb5008e81fc14427b89ca av_one_half  avia-builder-el-14  el_after_av_one_half  avia-builder-el-last  flex_column_div av-animated-generic left-to-right  column-top-margin'     ><p>\n<style type=\"text\/css\" data-created_by=\"avia_inline_auto\" id=\"style-css-av-lkb98em4-67c59c3403501d7b6c4a5cc59a3a86ac\">\nbody .av-special-heading.av-lkb98em4-67c59c3403501d7b6c4a5cc59a3a86ac .av-special-heading-tag .heading-char{\nfont-size:25px;\n}\n.av-special-heading.av-lkb98em4-67c59c3403501d7b6c4a5cc59a3a86ac .av-subheading{\nfont-size:15px;\n}\n<\/style>\n<div  class='av-special-heading av-lkb98em4-67c59c3403501d7b6c4a5cc59a3a86ac av-special-heading-h2 blockquote modern-quote  avia-builder-el-15  el_before_av_hr  avia-builder-el-first '><h2 class='av-special-heading-tag '  itemprop=\"headline\"  >FURNITURE TRANSPORT TO SYLT AND OTHER ADVANTAGES<\/h2><div class=\"special-heading-border\"><div class=\"special-heading-inner-border\"><\/div><\/div><\/div><br \/>\n\n<style type=\"text\/css\" data-created_by=\"avia_inline_auto\" id=\"style-css-av-3s4vat-80f4f6290d0f133411558ef7a16f2a49\">\n#top .hr.av-3s4vat-80f4f6290d0f133411558ef7a16f2a49{\nmargin-top:10px;\nmargin-bottom:10px;\n}\n.hr.av-3s4vat-80f4f6290d0f133411558ef7a16f2a49 .hr-inner{\nwidth:125px;\nborder-color:#da0c1b;\n}\n<\/style>\n<div  class='hr av-3s4vat-80f4f6290d0f133411558ef7a16f2a49 hr-custom  avia-builder-el-16  el_after_av_heading  el_before_av_textblock  hr-left hr-icon-no'><span class='hr-inner inner-border-av-border-fat'><span class=\"hr-inner-style\"><\/span><\/span><\/div><br \/>\n<section  class='av_textblock_section av-lkb98mmn-766ca9b8c3805ba71d4ceaa4a534f34e '   itemscope=\"itemscope\" itemtype=\"https:\/\/schema.org\/CreativeWork\" ><div class='avia_textblock'  itemprop=\"text\" ><p>As a moving company for Sylt, we prepare you a relaxed and structured process from A to Z. This includes the furniture transport to Sylt and the associated organization of the sea transport as well as numerous other advantages. Take a look for yourself, with which services and <a href=\"https:\/\/umzug-mansholt.de\/en\/services\/\">relocation services<\/a> we convince you of our commitment to your project in addition to the furniture transport to Sylt:<\/p>\n<ul>\n<li>friendly and experienced <a href=\"https:\/\/umzug-mansholt.de\/en\/umzug-mansholt\/\">team<\/a> with special expertise in island relocations<\/li>\n<li>national and <a href=\"https:\/\/umzug-mansholt.de\/en\/moves\/international-relocations\/\">international removals<\/a><\/li>\n<li>safe <a href=\"https:\/\/umzug-mansholt.de\/en\/storage\/\">furniture storage<\/a> in swap bodies, storage rooms or wooden boxes<\/li>\n<li>use of suitable vehicle fleet for heavy transports, <a href=\"https:\/\/umzug-mansholt.de\/en\/piano-moving-this-is-what-matters\/\">piano transports<\/a> and more<\/li>\n<li>competent advice and execution by our experienced team<\/li>\n<li>disassembly and assembly work<\/li>\n<li>modern and extensive machinery fleet for all logistic services from one source including container transport by sea<\/li>\n<\/ul>\n<\/div><\/section><\/p><\/div><\/div><!--close flex column wrapper. Autoclose: 1 -->\n<\/p>\n<\/div><\/div><\/div><!-- close content main div --><\/div><\/div>\n<style type=\"text\/css\" data-created_by=\"avia_inline_auto\" id=\"style-css-av-lki4ffbl-74eb4bf705a17848bbfebc430ae28b1a\">\n.avia-section.av-lki4ffbl-74eb4bf705a17848bbfebc430ae28b1a{\nbackground-repeat:no-repeat;\nbackground-image:url(https:\/\/www.umzug-mansholt.de\/wp-content\/uploads\/2023\/07\/bg-btw.jpg);\nbackground-position:50% 50%;\nbackground-attachment:scroll;\n}\n<\/style>\n<div id='av_section_3'  class='avia-section av-lki4ffbl-74eb4bf705a17848bbfebc430ae28b1a main_color avia-section-huge avia-no-border-styling  avia-builder-el-18  el_after_av_section  el_before_av_section  avia-full-stretch avia-bg-style-scroll av-minimum-height av-minimum-height-40 av-height-percent  container_wrap fullsize'  data-section-bg-repeat='stretch' data-av_minimum_height_pc='40' data-av_min_height_opt='percent'><div class='container av-section-cont-open' ><div class='template-page content  av-content-full alpha units'><div class='post-entry post-entry-type-page post-entry-2365'><div class='entry-content-wrapper clearfix'>\n<\/div><\/div><\/div><!-- close content main div --><\/div><\/div><div id='av_section_4'  class='avia-section av-3qffvp-8fedac2720059823b93da32f7fb369ba main_color avia-section-large avia-no-border-styling  avia-builder-el-19  el_after_av_section  avia-builder-el-last  avia-bg-style-scroll container_wrap fullsize'  ><div class='container av-section-cont-open' ><div class='template-page content  av-content-full alpha units'><div class='post-entry post-entry-type-page post-entry-2365'><div class='entry-content-wrapper clearfix'>\n<div  class='flex_column av-447qda-5be35f6d6192ad49ccb14eb71d6bfc83 av_one_full  avia-builder-el-20  avia-builder-el-no-sibling  first flex_column_div av-animated-generic bottom-to-top  '     ><p>\n<style type=\"text\/css\" data-created_by=\"avia_inline_auto\" id=\"style-css-av-31tt5x-2ed5db4a8949b2714baac2bf431caf8f\">\nbody .av-special-heading.av-31tt5x-2ed5db4a8949b2714baac2bf431caf8f .av-special-heading-tag .heading-char{\nfont-size:25px;\n}\n.av-special-heading.av-31tt5x-2ed5db4a8949b2714baac2bf431caf8f .av-subheading{\nfont-size:15px;\n}\n<\/style>\n<div  class='av-special-heading av-31tt5x-2ed5db4a8949b2714baac2bf431caf8f av-special-heading-h2 blockquote modern-quote modern-centered  avia-builder-el-21  el_before_av_hr  avia-builder-el-first '><h2 class='av-special-heading-tag '  itemprop=\"headline\"  >UMZ\u00dcGE MANSHOLT: YOUR REMOVAL COMPANY FOR A MOVE TO SYLT<\/h2><div class=\"special-heading-border\"><div class=\"special-heading-inner-border\"><\/div><\/div><\/div><br \/>\n\n<style type=\"text\/css\" data-created_by=\"avia_inline_auto\" id=\"style-css-av-2wmjnh-bbc7d2a40467ef55c5f3d029471d82ea\">\n#top .hr.av-2wmjnh-bbc7d2a40467ef55c5f3d029471d82ea{\nmargin-top:10px;\nmargin-bottom:10px;\n}\n.hr.av-2wmjnh-bbc7d2a40467ef55c5f3d029471d82ea .hr-inner{\nwidth:125px;\nborder-color:#da0c1b;\n}\n<\/style>\n<div  class='hr av-2wmjnh-bbc7d2a40467ef55c5f3d029471d82ea hr-custom  avia-builder-el-22  el_after_av_heading  el_before_av_textblock  hr-center hr-icon-no'><span class='hr-inner inner-border-av-border-fat'><span class=\"hr-inner-style\"><\/span><\/span><\/div><br \/>\n<section  class='av_textblock_section av-lkb89qm5-2aa5b448f7b99c40df42c8840a0883f5 '   itemscope=\"itemscope\" itemtype=\"https:\/\/schema.org\/CreativeWork\" ><div class='avia_textblock'  itemprop=\"text\" ><p>To realize a move including furniture transport to Sylt and to take the appropriate measures for it is one of the core competences of our <a href=\"https:\/\/umzug-mansholt.de\/en\/home\/\">moving company<\/a>. Among other things on Sylt we take care that your move can be carried out quickly and precisely. For this purpose, we record all important points of your move in an on-site appointment after placing the order, such as the quantity of the removal goods, the provision of furniture lifts or the disassembly of your furniture. On this basis, we also provide you with a transparent cost estimate, so that you know at any time about your move from or to Sylt and the corresponding costs.<\/p>\n<p>Our moving company is specialized in every kind of moving. Whether on Sylt, on the mainland to <a href=\"https:\/\/umzug-mansholt.de\/en\/your-moving-company-in-hamburg\/\">Hamburg<\/a> and beyond, we are there for you. We are also happy to take on European or <a href=\"https:\/\/umzug-mansholt.de\/en\/moves\/international-relocations\/\">overseas moves<\/a> for you, the coordination and transport of which we accompany. For short-term as well as long-term <a href=\"https:\/\/umzug-mansholt.de\/en\/storage\/\">storage of your furniture<\/a> and objects, our warehouses are at your disposal. These can be rented and managed in the form of self storage rooms. Enjoy with our team of <a href=\"https:\/\/umzug-mansholt.de\/en\/umzug-mansholt\/\">Umz\u00fcge Mansholt<\/a> a move to Sylt that is optimally tailored to your needs. Contact us for more information.<\/p>\n<\/div><\/section><\/p><\/div>\n\n","protected":false},"excerpt":{"rendered":"","protected":false},"author":1,"featured_media":0,"parent":0,"menu_order":0,"comment_status":"closed","ping_status":"closed","template":"","meta":{"footnotes":""},"class_list":["post-2365","page","type-page","status-publish","hentry"],"yoast_head":"<!-- This site is optimized with the Yoast SEO plugin v27.4 - https:\/\/yoast.com\/product\/yoast-seo-wordpress\/ -->\n<title>Relocation company Sylt: reliably at your side<\/title>\n<meta name=\"description\" content=\"With us you will succeed in a speedy move on Sylt. Consult Umz\u00fcge Mansholt! We accompany you to the island.\" \/>\n<meta name=\"robots\" content=\"index, follow, max-snippet:-1, max-image-preview:large, max-video-preview:-1\" \/>\n<link rel=\"canonical\" href=\"https:\/\/www.umzug-mansholt.de\/en\/your-moving-company-for-sylt\/\" \/>\n<meta name=\"twitter:card\" content=\"summary_large_image\" \/>\n<meta name=\"twitter:title\" content=\"Relocation company Sylt: reliably at your side\" \/>\n<meta name=\"twitter:description\" content=\"With us you will succeed in a speedy move on Sylt. Consult Umz\u00fcge Mansholt! We accompany you to the island.\" \/>\n<meta name=\"twitter:label1\" content=\"Est. reading time\" \/>\n\t<meta name=\"twitter:data1\" content=\"4 minutes\" \/>\n<script type=\"application\/ld+json\" class=\"yoast-schema-graph\">{\"@context\":\"https:\\\/\\\/schema.org\",\"@graph\":[{\"@type\":\"WebPage\",\"@id\":\"https:\\\/\\\/www.umzug-mansholt.de\\\/en\\\/your-moving-company-for-sylt\\\/\",\"url\":\"https:\\\/\\\/www.umzug-mansholt.de\\\/en\\\/your-moving-company-for-sylt\\\/\",\"name\":\"Relocation company Sylt: reliably at your side\",\"isPartOf\":{\"@id\":\"https:\\\/\\\/www.umzug-mansholt.de\\\/#website\"},\"datePublished\":\"2023-07-28T13:13:14+00:00\",\"dateModified\":\"2024-05-07T08:20:33+00:00\",\"description\":\"With us you will succeed in a speedy move on Sylt. Consult Umz\u00fcge Mansholt! We accompany you to the island.\",\"breadcrumb\":{\"@id\":\"https:\\\/\\\/www.umzug-mansholt.de\\\/en\\\/your-moving-company-for-sylt\\\/#breadcrumb\"},\"inLanguage\":\"en-US\",\"potentialAction\":[{\"@type\":\"ReadAction\",\"target\":[\"https:\\\/\\\/www.umzug-mansholt.de\\\/en\\\/your-moving-company-for-sylt\\\/\"]}]},{\"@type\":\"BreadcrumbList\",\"@id\":\"https:\\\/\\\/www.umzug-mansholt.de\\\/en\\\/your-moving-company-for-sylt\\\/#breadcrumb\",\"itemListElement\":[{\"@type\":\"ListItem\",\"position\":1,\"name\":\"Startseite\",\"item\":\"https:\\\/\\\/www.umzug-mansholt.de\\\/en\\\/\"},{\"@type\":\"ListItem\",\"position\":2,\"name\":\"Your moving company for Sylt\"}]},{\"@type\":\"WebSite\",\"@id\":\"https:\\\/\\\/www.umzug-mansholt.de\\\/#website\",\"url\":\"https:\\\/\\\/www.umzug-mansholt.de\\\/\",\"name\":\"Umz\u00fcge Mansholt\",\"description\":\"\",\"potentialAction\":[{\"@type\":\"SearchAction\",\"target\":{\"@type\":\"EntryPoint\",\"urlTemplate\":\"https:\\\/\\\/www.umzug-mansholt.de\\\/?s={search_term_string}\"},\"query-input\":{\"@type\":\"PropertyValueSpecification\",\"valueRequired\":true,\"valueName\":\"search_term_string\"}}],\"inLanguage\":\"en-US\"}]}<\/script>\n<!-- \/ Yoast SEO plugin. -->","yoast_head_json":{"title":"Relocation company Sylt: reliably at your side","description":"With us you will succeed in a speedy move on Sylt. Consult Umz\u00fcge Mansholt! We accompany you to the island.","robots":{"index":"index","follow":"follow","max-snippet":"max-snippet:-1","max-image-preview":"max-image-preview:large","max-video-preview":"max-video-preview:-1"},"canonical":"https:\/\/www.umzug-mansholt.de\/en\/your-moving-company-for-sylt\/","twitter_card":"summary_large_image","twitter_title":"Relocation company Sylt: reliably at your side","twitter_description":"With us you will succeed in a speedy move on Sylt. Consult Umz\u00fcge Mansholt! We accompany you to the island.","twitter_misc":{"Est. reading time":"4 minutes"},"schema":{"@context":"https:\/\/schema.org","@graph":[{"@type":"WebPage","@id":"https:\/\/www.umzug-mansholt.de\/en\/your-moving-company-for-sylt\/","url":"https:\/\/www.umzug-mansholt.de\/en\/your-moving-company-for-sylt\/","name":"Relocation company Sylt: reliably at your side","isPartOf":{"@id":"https:\/\/www.umzug-mansholt.de\/#website"},"datePublished":"2023-07-28T13:13:14+00:00","dateModified":"2024-05-07T08:20:33+00:00","description":"With us you will succeed in a speedy move on Sylt. Consult Umz\u00fcge Mansholt! We accompany you to the island.","breadcrumb":{"@id":"https:\/\/www.umzug-mansholt.de\/en\/your-moving-company-for-sylt\/#breadcrumb"},"inLanguage":"en-US","potentialAction":[{"@type":"ReadAction","target":["https:\/\/www.umzug-mansholt.de\/en\/your-moving-company-for-sylt\/"]}]},{"@type":"BreadcrumbList","@id":"https:\/\/www.umzug-mansholt.de\/en\/your-moving-company-for-sylt\/#breadcrumb","itemListElement":[{"@type":"ListItem","position":1,"name":"Startseite","item":"https:\/\/www.umzug-mansholt.de\/en\/"},{"@type":"ListItem","position":2,"name":"Your moving company for Sylt"}]},{"@type":"WebSite","@id":"https:\/\/www.umzug-mansholt.de\/#website","url":"https:\/\/www.umzug-mansholt.de\/","name":"Umz\u00fcge Mansholt","description":"","potentialAction":[{"@type":"SearchAction","target":{"@type":"EntryPoint","urlTemplate":"https:\/\/www.umzug-mansholt.de\/?s={search_term_string}"},"query-input":{"@type":"PropertyValueSpecification","valueRequired":true,"valueName":"search_term_string"}}],"inLanguage":"en-US"}]}},"_links":{"self":[{"href":"https:\/\/www.umzug-mansholt.de\/en\/wp-json\/wp\/v2\/pages\/2365","targetHints":{"allow":["GET"]}}],"collection":[{"href":"https:\/\/www.umzug-mansholt.de\/en\/wp-json\/wp\/v2\/pages"}],"about":[{"href":"https:\/\/www.umzug-mansholt.de\/en\/wp-json\/wp\/v2\/types\/page"}],"author":[{"embeddable":true,"href":"https:\/\/www.umzug-mansholt.de\/en\/wp-json\/wp\/v2\/users\/1"}],"replies":[{"embeddable":true,"href":"https:\/\/www.umzug-mansholt.de\/en\/wp-json\/wp\/v2\/comments?post=2365"}],"version-history":[{"count":0,"href":"https:\/\/www.umzug-mansholt.de\/en\/wp-json\/wp\/v2\/pages\/2365\/revisions"}],"wp:attachment":[{"href":"https:\/\/www.umzug-mansholt.de\/en\/wp-json\/wp\/v2\/media?parent=2365"}],"curies":[{"name":"wp","href":"https:\/\/api.w.org\/{rel}","templated":true}]}}