{"id":2753,"date":"2023-09-29T10:22:27","date_gmt":"2023-09-29T08:22:27","guid":{"rendered":"http:\/\/umzug-mansholt.borgmeier.media\/?page_id=2753"},"modified":"2024-02-06T12:12:23","modified_gmt":"2024-02-06T11:12:23","slug":"legal-notice","status":"publish","type":"page","link":"https:\/\/www.umzug-mansholt.de\/en\/legal-notice\/","title":{"rendered":"Legal Notice"},"content":{"rendered":"\n<style type=\"text\/css\" data-created_by=\"avia_inline_auto\" id=\"style-css-av-34hyil-654e3d7ec2b040ad2c1442957fe506b2\">\n.avia-section.av-34hyil-654e3d7ec2b040ad2c1442957fe506b2{\nbackground-repeat:no-repeat;\nbackground-image:url(https:\/\/www.umzug-mansholt.de\/wp-content\/uploads\/2023\/07\/home-header-bg.jpg);\nbackground-position:50% 50%;\nbackground-attachment:scroll;\n}\n<\/style>\n<div id='av_section_1'  class='avia-section av-34hyil-654e3d7ec2b040ad2c1442957fe506b2 main_color avia-section-default avia-no-border-styling  avia-builder-el-0  el_before_av_section  avia-builder-el-first  avia-full-stretch avia-bg-style-scroll av-minimum-height av-minimum-height-50 av-height-50  container_wrap fullsize'  data-section-bg-repeat='stretch' data-av_minimum_height_pc='50' data-av_min_height_opt='50'><div class='container av-section-cont-open' ><main  role=\"main\" itemprop=\"mainContentOfPage\"  class='template-page content  av-content-full alpha units'><div class='post-entry post-entry-type-page post-entry-2753'><div class='entry-content-wrapper clearfix'>\n<div  class='flex_column av-7xvkl-28798de202107e84a5e13bb15c1c5273 av_one_half  avia-builder-el-1  avia-builder-el-no-sibling  first flex_column_div av-animated-generic left-to-right  '     ><style type=\"text\/css\" data-created_by=\"avia_inline_auto\" id=\"style-css-av-lkaxdc33-78d8dc661398d41cf85fa7ec3ecb8d84\">\n#top .av-special-heading.av-lkaxdc33-78d8dc661398d41cf85fa7ec3ecb8d84{\npadding-bottom:0;\ncolor:#ffffff;\n}\nbody .av-special-heading.av-lkaxdc33-78d8dc661398d41cf85fa7ec3ecb8d84 .av-special-heading-tag .heading-char{\nfont-size:25px;\n}\n.av-special-heading.av-lkaxdc33-78d8dc661398d41cf85fa7ec3ecb8d84 .special-heading-inner-border{\nborder-color:#ffffff;\n}\n.av-special-heading.av-lkaxdc33-78d8dc661398d41cf85fa7ec3ecb8d84 .av-subheading{\nfont-size:15px;\n}\n<\/style>\n<div  class='av-special-heading av-lkaxdc33-78d8dc661398d41cf85fa7ec3ecb8d84 av-special-heading-h1 custom-color-heading blockquote modern-quote  avia-builder-el-2  avia-builder-el-no-sibling  h-bg-red'><h1 class='av-special-heading-tag '  itemprop=\"headline\"  >Legal Notice<\/h1><div class=\"special-heading-border\"><div class=\"special-heading-inner-border\"><\/div><\/div><\/div><\/div>\n\n<\/div><\/div><\/main><!-- close content main element --><\/div><\/div><div id='av_section_2'  class='avia-section av-av_section-9f00e776ea7eebb40c0e3c448a2fd3f2 main_color avia-section-large avia-no-border-styling  avia-builder-el-3  el_after_av_section  el_before_av_section  avia-bg-style-scroll container_wrap fullsize'  ><div class='container av-section-cont-open' ><div class='template-page content  av-content-full alpha units'><div class='post-entry post-entry-type-page post-entry-2753'><div class='entry-content-wrapper clearfix'>\n<div  class='flex_column av-av_one_full-534754aa11645069a3390c435bb9218f av_one_full  avia-builder-el-4  avia-builder-el-no-sibling  first flex_column_div av-animated-generic left-to-right  '     ><section  class='av_textblock_section av-av_textblock-92ab5b4c5448b40ef3b82fb3d397e98e '   itemscope=\"itemscope\" itemtype=\"https:\/\/schema.org\/CreativeWork\" ><div class='avia_textblock'  itemprop=\"text\" ><h2>Angaben gem\u00e4\u00df \u00a7 5 TMG<\/h2>\n<p>Umz\u00fcge Mansholt GmbH &amp; Co. KG<br \/>\nAtlasstra\u00dfe 7<br \/>\n27777 Ganderkesee<\/p>\n<p>Handelsregister: HRA 206186<br \/>\nRegistergericht: Amtsgericht Oldenburg<br \/>\nUSt.-ID: DE 322 194 341<\/p>\n<p><strong>Vertreten durch die pers\u00f6nlich haftende Gesellschaft:<\/strong><br \/>\nUmz\u00fcge Mansholt Verm\u00f6gensverwaltungs GmbH<br \/>\nAtlasstra\u00dfe 7<br \/>\n27777 Ganderkesee<\/p>\n<p>Gesch\u00e4ftsf\u00fchrer:<br \/>\nThomas Mansholt<br \/>\nNico Mansholt<\/p>\n<p>Handelsregister: HRA 213899<br \/>\nRegistergericht: Amtsgericht Oldenburg<\/p>\n<h2>Kontakt<\/h2>\n<p>Telefon: 04222 \/ 70528<br \/>\nTelefax: 04222 \/ 8054999<br \/>\nE-Mail: info@mansholt.de<\/p>\n<h2>Umsatzsteuer-ID<\/h2>\n<p>Umsatzsteuer-Identifikationsnummer gem\u00e4\u00df \u00a727 a Umsatzsteuergesetz:<br \/>\nDE 322 194 341<\/p>\n<h2>Streitbeilegung<\/h2>\n<p>Wir nehmen an Streitbeilegungsverfahren vor einer Verbraucherschlichtungsstelle teil. Zust\u00e4ndig ist die \u201eSchlichtungsstelle Umzug\u201c beim<\/p>\n<p>Bundesverband M\u00f6belspedition und Logistik (AM\u00d6) e. V.<br \/>\nSchulstra\u00dfe 53, 65795 Hattersheim<\/p>\n<p><a href=\"http:\/\/www.schlichtungsstelle-umzug.de\" target=\"_blank\" rel=\"noopener\">www.schlichtungsstelle-umzug.de<\/a><\/p>\n<p>Auf <a href=\"http:\/\/www.schlichtungsstelle-umzug.de\" target=\"_blank\" rel=\"noopener\">www.schlichtungsstelle-umzug.de<\/a> sind weitere Hinweise zur Zul\u00e4ssigkeit von Verfahrensgang und das Formular zur Er\u00f6ffnung eines Streitbeilegungsverfahrens abrufbar.<\/p>\n<h2>Haftung f\u00fcr Inhalte<\/h2>\n<p>Als Diensteanbieter sind wir gem\u00e4\u00df \u00a7 7 Abs.1 TMG f\u00fcr eigene Inhalte auf diesen Seiten nach den allgemeinen Gesetzen verantwortlich. Nach \u00a7\u00a7 8 bis 10 TMG sind wir als Diensteanbieter jedoch nicht verpflichtet, \u00fcbermittelte oder gespeicherte fremde Informationen zu \u00fcberwachen oder nach Umst\u00e4nden zu forschen, die auf eine rechtswidrige T\u00e4tigkeit hinweisen.<\/p>\n<p>Verpflichtungen zur Entfernung oder Sperrung der Nutzung von Informationen nach den allgemeinen Gesetzen bleiben hiervon unber\u00fchrt. Eine diesbez\u00fcgliche Haftung ist jedoch erst ab dem Zeitpunkt der Kenntnis einer konkreten Rechtsverletzung m\u00f6glich. Bei Bekanntwerden von entsprechenden Rechtsverletzungen werden wir diese Inhalte umgehend entfernen.<\/p>\n<h2>Haftung f\u00fcr Links<\/h2>\n<p>Unser Angebot enth\u00e4lt Links zu externen Websites Dritter, auf deren Inhalte wir keinen Einfluss haben. Deshalb k\u00f6nnen wir f\u00fcr diese fremden Inhalte auch keine Gew\u00e4hr \u00fcbernehmen. F\u00fcr die Inhalte der verlinkten Seiten ist stets der jeweilige Anbieter oder Betreiber der Seiten verantwortlich. Die verlinkten Seiten wurden zum Zeitpunkt der Verlinkung auf m\u00f6gliche Rechtsverst\u00f6\u00dfe \u00fcberpr\u00fcft. Rechtswidrige Inhalte waren zum Zeitpunkt der Verlinkung nicht erkennbar.<\/p>\n<p>Eine permanente inhaltliche Kontrolle der verlinkten Seiten ist jedoch ohne konkrete Anhaltspunkte einer Rechtsverletzung nicht zumutbar. Bei Bekanntwerden von Rechtsverletzungen werden wir derartige Links umgehend entfernen.<\/p>\n<h2>Urheberrecht<\/h2>\n<p>Die durch die Seitenbetreiber erstellten Inhalte und Werke auf diesen Seiten unterliegen dem deutschen Urheberrecht. Die Vervielf\u00e4ltigung, Bearbeitung, Verbreitung und jede Art der Verwertung au\u00dferhalb der Grenzen des Urheberrechtes bed\u00fcrfen der schriftlichen Zustimmung des jeweiligen Autors bzw. Erstellers. Downloads und Kopien dieser Seite sind nur f\u00fcr den privaten, nicht kommerziellen Gebrauch gestattet.<\/p>\n<p>Soweit die Inhalte auf dieser Seite nicht vom Betreiber erstellt wurden, werden die Urheberrechte Dritter beachtet. Insbesondere werden Inhalte Dritter als solche gekennzeichnet. Sollten Sie trotzdem auf eine Urheberrechtsverletzung aufmerksam werden, bitten wir um einen entsprechenden Hinweis. Bei Bekanntwerden von Rechtsverletzungen werden wir derartige Inhalte umgehend entfernen.<\/p>\n<\/div><\/section><\/div>\n\n<\/div><\/div><\/div><!-- close content main div --><\/div><\/div>\n<style type=\"text\/css\" data-created_by=\"avia_inline_auto\" id=\"style-css-av-av_section-aa6dc52d5fd83bf4c0cd309d20b28ecb\">\n.avia-section.av-av_section-aa6dc52d5fd83bf4c0cd309d20b28ecb{\nbackground-repeat:no-repeat;\nbackground-image:url(https:\/\/www.umzug-mansholt.de\/wp-content\/uploads\/2023\/07\/bg-footer.jpg);\nbackground-position:50% 50%;\nbackground-attachment:scroll;\n}\n.avia-section.av-av_section-aa6dc52d5fd83bf4c0cd309d20b28ecb .av-section-color-overlay{\nopacity:0.8;\nbackground-color:#333333;\n}\n<\/style>\n<div id='av_section_3'  class='avia-section av-av_section-aa6dc52d5fd83bf4c0cd309d20b28ecb main_color avia-section-large avia-no-border-styling  avia-builder-el-6  el_after_av_section  avia-builder-el-last  footer-section-2 avia-full-stretch avia-bg-style-scroll av-section-color-overlay-active container_wrap fullsize'  data-section-bg-repeat='stretch'><div class=\"av-section-color-overlay-wrap\"><div class=\"av-section-color-overlay\"><\/div><div class='container av-section-cont-open' ><div class='template-page content  av-content-full alpha units'><div class='post-entry post-entry-type-page post-entry-2753'><div class='entry-content-wrapper clearfix'>\n<div  class='flex_column av-av_one_third-534754aa11645069a3390c435bb9218f av_one_third  avia-builder-el-7  el_before_av_one_third  avia-builder-el-first  first flex_column_div av-animated-generic left-to-right  '     ><p>\n<style type=\"text\/css\" data-created_by=\"avia_inline_auto\" id=\"style-css-av-av_icon_box-aad91b76c10612b1c03acf18b47779c6\">\n.iconbox.av-av_icon_box-aad91b76c10612b1c03acf18b47779c6 .iconbox_icon{\nbackground-color:#ffffff;\ncolor:#545352;\n}\n.iconbox.av-av_icon_box-aad91b76c10612b1c03acf18b47779c6 .iconbox_icon.avia-svg-icon svg:first-child{\nfill:#545352;\nstroke:#545352;\n}\n#top #wrap_all .iconbox.av-av_icon_box-aad91b76c10612b1c03acf18b47779c6 .iconbox_content_title{\ncolor:#ffffff;\n}\n<\/style>\n<article  class='iconbox iconbox_left av-av_icon_box-aad91b76c10612b1c03acf18b47779c6  avia-builder-el-8  el_before_av_hr  avia-builder-el-first '  itemscope=\"itemscope\" itemtype=\"https:\/\/schema.org\/CreativeWork\" ><div class=\"iconbox_content\"><header class=\"entry-content-header\" aria-label=\"Icon: Head Office\"><div class='iconbox_icon heading-color avia-iconfont avia-font-entypo-fontello' data-av_icon='\ue821' data-av_iconfont='entypo-fontello'  ><\/div><h3 class='iconbox_content_title '  itemprop=\"headline\" >Head Office<\/h3><\/header><div class='iconbox_content_container '  itemprop=\"text\" ><\/div><\/div><footer class=\"entry-footer\"><\/footer><\/article><br \/>\n\n<style type=\"text\/css\" data-created_by=\"avia_inline_auto\" id=\"style-css-av-av_hr-453e0467bde720d49b823ae7ccc73ef3\">\n#top .hr.av-av_hr-453e0467bde720d49b823ae7ccc73ef3{\nmargin-top:0px;\nmargin-bottom:0px;\n}\n.hr.av-av_hr-453e0467bde720d49b823ae7ccc73ef3 .hr-inner{\nwidth:90px;\nborder-color:#ffffff;\n}\n<\/style>\n<div  class='hr av-av_hr-453e0467bde720d49b823ae7ccc73ef3 hr-custom  avia-builder-el-9  el_after_av_icon_box  el_before_av_textblock  hr-left hr-icon-no'><span class='hr-inner inner-border-av-border-fat'><span class=\"hr-inner-style\"><\/span><\/span><\/div><br \/>\n\n<style type=\"text\/css\" data-created_by=\"avia_inline_auto\" id=\"style-css-av-av_textblock-0e460ea84c5109c9f810d1df11ebde2d\">\n#top .av_textblock_section.av-av_textblock-0e460ea84c5109c9f810d1df11ebde2d .avia_textblock{\ncolor:#ffffff;\n}\n<\/style>\n<section  class='av_textblock_section av-av_textblock-0e460ea84c5109c9f810d1df11ebde2d '   itemscope=\"itemscope\" itemtype=\"https:\/\/schema.org\/CreativeWork\" ><div class='avia_textblock av_inherit_color'  itemprop=\"text\" ><p>Umz\u00fcge Mansholt GmbH &amp; Co. KG<br \/>\nAtlasstra\u00dfe 7<br \/>\n27777 Ganderkesee<\/p>\n<\/div><\/section><\/p><\/div><div  class='flex_column av-av_one_third-0b98a6a1a27a12c672c9195c3fb0923e av_one_third  avia-builder-el-11  el_after_av_one_third  el_before_av_one_third  flex_column_div av-animated-generic left-to-right  '     ><p>\n<style type=\"text\/css\" data-created_by=\"avia_inline_auto\" id=\"style-css-av-av_icon_box-93b895480eab8d1df5060eae2105492e\">\n.iconbox.av-av_icon_box-93b895480eab8d1df5060eae2105492e .iconbox_icon{\nbackground-color:#ffffff;\ncolor:#545352;\n}\n.iconbox.av-av_icon_box-93b895480eab8d1df5060eae2105492e .iconbox_icon.avia-svg-icon svg:first-child{\nfill:#545352;\nstroke:#545352;\n}\n#top #wrap_all .iconbox.av-av_icon_box-93b895480eab8d1df5060eae2105492e .iconbox_content_title{\ncolor:#ffffff;\n}\n<\/style>\n<article  class='iconbox iconbox_left av-av_icon_box-93b895480eab8d1df5060eae2105492e  avia-builder-el-12  el_before_av_hr  avia-builder-el-first '  itemscope=\"itemscope\" itemtype=\"https:\/\/schema.org\/CreativeWork\" ><div class=\"iconbox_content\"><header class=\"entry-content-header\" aria-label=\"Icon: CONTACT\"><div class='iconbox_icon heading-color avia-iconfont avia-font-entypo-fontello' data-av_icon='\ue80a' data-av_iconfont='entypo-fontello'  ><\/div><h3 class='iconbox_content_title '  itemprop=\"headline\" >CONTACT<\/h3><\/header><div class='iconbox_content_container '  itemprop=\"text\" ><\/div><\/div><footer class=\"entry-footer\"><\/footer><\/article><br \/>\n\n<style type=\"text\/css\" data-created_by=\"avia_inline_auto\" id=\"style-css-av-av_hr-453e0467bde720d49b823ae7ccc73ef3\">\n#top .hr.av-av_hr-453e0467bde720d49b823ae7ccc73ef3{\nmargin-top:0px;\nmargin-bottom:0px;\n}\n.hr.av-av_hr-453e0467bde720d49b823ae7ccc73ef3 .hr-inner{\nwidth:90px;\nborder-color:#ffffff;\n}\n<\/style>\n<div  class='hr av-av_hr-453e0467bde720d49b823ae7ccc73ef3 hr-custom  avia-builder-el-13  el_after_av_icon_box  el_before_av_textblock  hr-left hr-icon-no'><span class='hr-inner inner-border-av-border-fat'><span class=\"hr-inner-style\"><\/span><\/span><\/div><br \/>\n\n<style type=\"text\/css\" data-created_by=\"avia_inline_auto\" id=\"style-css-av-av_textblock-0e460ea84c5109c9f810d1df11ebde2d\">\n#top .av_textblock_section.av-av_textblock-0e460ea84c5109c9f810d1df11ebde2d .avia_textblock{\ncolor:#ffffff;\n}\n<\/style>\n<section  class='av_textblock_section av-av_textblock-0e460ea84c5109c9f810d1df11ebde2d '   itemscope=\"itemscope\" itemtype=\"https:\/\/schema.org\/CreativeWork\" ><div class='avia_textblock av_inherit_color'  itemprop=\"text\" ><p>Phone: <a href=\"tel:+49422270528\">04222 \/ 70528<\/a><br \/>\nFax: 04222 \/ 8054999<br \/>\nEmail: <a href=\"mailto:inf&#111;&#64;ma&#110;s&#104;&#111;&#108;t&#46;&#100;&#101;\">&#105;nf&#111;&#64;m&#97;n&#115;&#104;&#111;lt.d&#101;<\/a><\/p>\n<\/div><\/section><\/p><\/div><div  class='flex_column av-av_one_third-0b98a6a1a27a12c672c9195c3fb0923e av_one_third  avia-builder-el-15  el_after_av_one_third  el_before_av_one_full  flex_column_div av-animated-generic left-to-right  '     ><p>\n<style type=\"text\/css\" data-created_by=\"avia_inline_auto\" id=\"style-css-av-av_icon_box-dfa74a379061d85968d15cd4bb69362e\">\n.iconbox.av-av_icon_box-dfa74a379061d85968d15cd4bb69362e .iconbox_icon{\nbackground-color:#ffffff;\ncolor:#545352;\n}\n.iconbox.av-av_icon_box-dfa74a379061d85968d15cd4bb69362e .iconbox_icon.avia-svg-icon svg:first-child{\nfill:#545352;\nstroke:#545352;\n}\n#top #wrap_all .iconbox.av-av_icon_box-dfa74a379061d85968d15cd4bb69362e .iconbox_content_title{\ncolor:#ffffff;\n}\n<\/style>\n<article  class='iconbox iconbox_left av-av_icon_box-dfa74a379061d85968d15cd4bb69362e  avia-builder-el-16  el_before_av_hr  avia-builder-el-first '  itemscope=\"itemscope\" itemtype=\"https:\/\/schema.org\/CreativeWork\" ><div class=\"iconbox_content\"><header class=\"entry-content-header\" aria-label=\"Icon: LEGAL\"><div class='iconbox_icon heading-color avia-iconfont avia-font-entypo-fontello' data-av_icon='\ue8c9' data-av_iconfont='entypo-fontello'  ><\/div><h3 class='iconbox_content_title '  itemprop=\"headline\" >LEGAL<\/h3><\/header><div class='iconbox_content_container '  itemprop=\"text\" ><\/div><\/div><footer class=\"entry-footer\"><\/footer><\/article><br \/>\n\n<style type=\"text\/css\" data-created_by=\"avia_inline_auto\" id=\"style-css-av-av_hr-453e0467bde720d49b823ae7ccc73ef3\">\n#top .hr.av-av_hr-453e0467bde720d49b823ae7ccc73ef3{\nmargin-top:0px;\nmargin-bottom:0px;\n}\n.hr.av-av_hr-453e0467bde720d49b823ae7ccc73ef3 .hr-inner{\nwidth:90px;\nborder-color:#ffffff;\n}\n<\/style>\n<div  class='hr av-av_hr-453e0467bde720d49b823ae7ccc73ef3 hr-custom  avia-builder-el-17  el_after_av_icon_box  el_before_av_textblock  hr-left hr-icon-no'><span class='hr-inner inner-border-av-border-fat'><span class=\"hr-inner-style\"><\/span><\/span><\/div><br \/>\n\n<style type=\"text\/css\" data-created_by=\"avia_inline_auto\" id=\"style-css-av-av_textblock-0e460ea84c5109c9f810d1df11ebde2d\">\n#top .av_textblock_section.av-av_textblock-0e460ea84c5109c9f810d1df11ebde2d .avia_textblock{\ncolor:#ffffff;\n}\n<\/style>\n<section  class='av_textblock_section av-av_textblock-0e460ea84c5109c9f810d1df11ebde2d '   itemscope=\"itemscope\" itemtype=\"https:\/\/schema.org\/CreativeWork\" ><div class='avia_textblock av_inherit_color'  itemprop=\"text\" ><p><a href=\"https:\/\/umzug-mansholt.de\/en\/general-terms-and-conditions\/\">Terms and conditions<\/a><br \/>\n<a href=\"https:\/\/umzug-mansholt.de\/en\/legal-notice\/\">Legal Notice<\/a><br \/>\n<a href=\"https:\/\/umzug-mansholt.de\/en\/privacy-policy\/\">Privacy Policy<\/a><\/p>\n<\/div><\/section><\/p><\/div>\n<style type=\"text\/css\" data-created_by=\"avia_inline_auto\" id=\"style-css-av-av_one_full-30fe005182507dfb968d2e0afb5d5ba5\">\n#top .flex_column.av-av_one_full-30fe005182507dfb968d2e0afb5d5ba5{\nmargin-top:0px;\nmargin-bottom:0px;\n}\n.responsive #top #wrap_all .flex_column.av-av_one_full-30fe005182507dfb968d2e0afb5d5ba5{\nmargin-top:0px;\nmargin-bottom:0px;\n}\n<\/style>\n<div  class='flex_column av-av_one_full-30fe005182507dfb968d2e0afb5d5ba5 av_one_full  avia-builder-el-19  el_after_av_one_third  avia-builder-el-last  first flex_column_div av-animated-generic left-to-right  column-top-margin'     ><style type=\"text\/css\" data-created_by=\"avia_inline_auto\" id=\"style-css-av-av_textblock-82803a374b6232d8ea02dbea2d384776\">\n#top .av_textblock_section.av-av_textblock-82803a374b6232d8ea02dbea2d384776 .avia_textblock{\ncolor:#ffffff;\n}\n<\/style>\n<section  class='av_textblock_section av-av_textblock-82803a374b6232d8ea02dbea2d384776 '   itemscope=\"itemscope\" itemtype=\"https:\/\/schema.org\/CreativeWork\" ><div class='avia_textblock standorte-footer av_inherit_color'  itemprop=\"text\" ><p>Moving company Ganderkesee \/ <a href=\"https:\/\/umzug-mansholt.de\/en\/your-moving-company-in-delmenhorst\/\">Moving company Delmenhorst<\/a> \/ Moving company Hude \/ Moving company Wildeshausen \/ <a href=\"https:\/\/umzug-mansholt.de\/en\/your-moving-company-in-oldenburg\/\">Moving company Oldenburg<\/a> \/ <a href=\"https:\/\/umzug-mansholt.de\/en\/your-moving-company-in-bremen\/\">Moving company Bremen<\/a> \/ <a href=\"https:\/\/umzug-mansholt.de\/en\/your-moving-company-in-bremerhaven\/\">Bremerhaven<\/a> \/ <a href=\"https:\/\/umzug-mansholt.de\/en\/your-moving-company-in-hamburg\/\">Moving company Hamburg<\/a> \/ <a href=\"https:\/\/umzug-mansholt.de\/en\/your-moving-company-in-wilhelmshaven\/\">Moving company Wilhelmshaven<\/a> \/ <a href=\"https:\/\/umzug-mansholt.de\/en\/your-moving-company-in-ostfriesland\/\">Moving company East Frisia<\/a> \/ <a href=\"https:\/\/umzug-mansholt.de\/en\/your-moving-company-for-sylt\/\">Moving company Sylt<\/a> \/ Moving company Mecklenburg Lake District \/ <a href=\"https:\/\/umzug-mansholt.de\/en\/\">Moving company<\/a> \/ <a href=\"https:\/\/umzug-mansholt.de\/en\/services\/\">Moving service<\/a> \/ Moving forwarding company \/ Furniture transport \/ Furniture removal \/ Moving \/ Costs \/ Removals \/ Forwarding \/ Company relocation \/ Company relocation \/ Company relocation \/ Company relocation \/ Company relocation \/ Office relocation \/ <a href=\"https:\/\/umzug-mansholt.de\/en\/your-moving-company-for-jever\/\">Moving company Jever<\/a>, <a href=\"https:\/\/umzug-mansholt.de\/en\/moves\/moves-and-relocations-for-the-bundeswehr\/\">Bundeswehr<\/a>, Lange\u00df, Schortens, Zetel, Varel, Wittmund, Wiesmoor, Wangerland, Esens, Norden, Baltrum, Juist, Friesland, Ammerland, Amrum, Borkum, Bramsche, Dinklage, Vechta, Nordenham, Visbek, <a href=\"https:\/\/umzug-mansholt.de\/en\/your-moving-company-in-aurich\/\">Aurich<\/a>, Bruchhausen, Buxtehude, Damme, <a href=\"https:\/\/umzug-mansholt.de\/en\/your-moving-company-in-emden\/\">Emden<\/a>, F\u00f6hr, F\u00fcrstenau, Hasel\u00fcnne, Herzlake, Hiddensee, Langeoog, Leer, Lohne, Neuenkirchen-V\u00f6rden, Nienburg, Norderney, Pellworm, Poel, Bad Zwischenahn, Rastede, R\u00fcgen, Brake, Ummanz, Westerstede, Wiefelstede<!-- a-->, <a href=\"https:\/\/umzug-mansholt.de\/en\/your-moving-company-in-papenburg\/\">Papenburg<\/a>, Westoverledingen, Friesoythe, Fehmarn , <a href=\"https:\/\/umzug-mansholt.de\/en\/your-moving-company-for-cloppenburg\/\">Cloppenburg<\/a>, Gro\u00dfenkneten, Wardenburg, Hatten, Weyhe, Diepholz, Lilienthal, Syke, Bassum, Stuhr, Achim , Osnabr\u00fcck, Oyten, <a href=\"https:\/\/umzug-mansholt.de\/en\/your-moving-company-in-verden\/\">Verden<\/a>, Osterholz-Scharmbeck, Schwanewede, Spiekeroog, Hatten, Kirchhatten, East Frisia, Edewecht, Ammerland, Ritterhude, Tostedt, Usedom, Wangerooge, Winsen(Luhe), Westoverledingen transport company, Transport service, <a href=\"https:\/\/umzug-mansholt.de\/en\/blog\/\">Moving blog<\/a>, <a href=\"https:\/\/umzug-mansholt.de\/en\/moves\/private-moves\/moving-with-care-degree\/\">Moving with care degree<\/a><\/p>\n<\/div><\/section><\/div>\n\n","protected":false},"excerpt":{"rendered":"","protected":false},"author":1,"featured_media":0,"parent":0,"menu_order":0,"comment_status":"closed","ping_status":"closed","template":"","meta":{"footnotes":""},"class_list":["post-2753","page","type-page","status-publish","hentry"],"yoast_head":"<!-- This site is optimized with the Yoast SEO plugin v27.0 - https:\/\/yoast.com\/product\/yoast-seo-wordpress\/ -->\n<title>Legal notice - Umz\u00fcge Mansholt | Your partner for removals, storage &amp; transport<\/title>\n<meta name=\"description\" content=\"Legal notice \/ Company removals, private removals and special transport in Ganderkesee, Delmenhorst, Bremen, Oldenburg, Wildeshausen, Wilhelmshaven\" \/>\n<meta name=\"robots\" content=\"index, follow, max-snippet:-1, max-image-preview:large, max-video-preview:-1\" \/>\n<link rel=\"canonical\" href=\"https:\/\/www.umzug-mansholt.de\/en\/legal-notice\/\" \/>\n<meta name=\"twitter:card\" content=\"summary_large_image\" \/>\n<meta name=\"twitter:title\" content=\"Legal notice - Umz\u00fcge Mansholt | Your partner for removals, storage &amp; transport\" \/>\n<meta name=\"twitter:description\" content=\"Legal notice \/ Company removals, private removals and special transport in Ganderkesee, Delmenhorst, Bremen, Oldenburg, Wildeshausen, Wilhelmshaven\" \/>\n<meta name=\"twitter:label1\" content=\"Est. reading time\" \/>\n\t<meta name=\"twitter:data1\" content=\"4 minutes\" \/>\n<script type=\"application\/ld+json\" class=\"yoast-schema-graph\">{\"@context\":\"https:\/\/schema.org\",\"@graph\":[{\"@type\":\"WebPage\",\"@id\":\"https:\/\/www.umzug-mansholt.de\/en\/legal-notice\/\",\"url\":\"https:\/\/www.umzug-mansholt.de\/en\/legal-notice\/\",\"name\":\"Legal notice - Umz\u00fcge Mansholt | Your partner for removals, storage & transport\",\"isPartOf\":{\"@id\":\"https:\/\/www.umzug-mansholt.de\/#website\"},\"datePublished\":\"2023-09-29T08:22:27+00:00\",\"dateModified\":\"2024-02-06T11:12:23+00:00\",\"description\":\"Legal notice \/ Company removals, private removals and special transport in Ganderkesee, Delmenhorst, Bremen, Oldenburg, Wildeshausen, Wilhelmshaven\",\"breadcrumb\":{\"@id\":\"https:\/\/www.umzug-mansholt.de\/en\/legal-notice\/#breadcrumb\"},\"inLanguage\":\"en-US\",\"potentialAction\":[{\"@type\":\"ReadAction\",\"target\":[\"https:\/\/www.umzug-mansholt.de\/en\/legal-notice\/\"]}]},{\"@type\":\"BreadcrumbList\",\"@id\":\"https:\/\/www.umzug-mansholt.de\/en\/legal-notice\/#breadcrumb\",\"itemListElement\":[{\"@type\":\"ListItem\",\"position\":1,\"name\":\"Startseite\",\"item\":\"https:\/\/www.umzug-mansholt.de\/en\/\"},{\"@type\":\"ListItem\",\"position\":2,\"name\":\"Legal Notice\"}]},{\"@type\":\"WebSite\",\"@id\":\"https:\/\/www.umzug-mansholt.de\/#website\",\"url\":\"https:\/\/www.umzug-mansholt.de\/\",\"name\":\"Umz\u00fcge Mansholt\",\"description\":\"\",\"potentialAction\":[{\"@type\":\"SearchAction\",\"target\":{\"@type\":\"EntryPoint\",\"urlTemplate\":\"https:\/\/www.umzug-mansholt.de\/?s={search_term_string}\"},\"query-input\":{\"@type\":\"PropertyValueSpecification\",\"valueRequired\":true,\"valueName\":\"search_term_string\"}}],\"inLanguage\":\"en-US\"}]}<\/script>\n<!-- \/ Yoast SEO plugin. -->","yoast_head_json":{"title":"Legal notice - Umz\u00fcge Mansholt | Your partner for removals, storage & transport","description":"Legal notice \/ Company removals, private removals and special transport in Ganderkesee, Delmenhorst, Bremen, Oldenburg, Wildeshausen, Wilhelmshaven","robots":{"index":"index","follow":"follow","max-snippet":"max-snippet:-1","max-image-preview":"max-image-preview:large","max-video-preview":"max-video-preview:-1"},"canonical":"https:\/\/www.umzug-mansholt.de\/en\/legal-notice\/","twitter_card":"summary_large_image","twitter_title":"Legal notice - Umz\u00fcge Mansholt | Your partner for removals, storage & transport","twitter_description":"Legal notice \/ Company removals, private removals and special transport in Ganderkesee, Delmenhorst, Bremen, Oldenburg, Wildeshausen, Wilhelmshaven","twitter_misc":{"Est. reading time":"4 minutes"},"schema":{"@context":"https:\/\/schema.org","@graph":[{"@type":"WebPage","@id":"https:\/\/www.umzug-mansholt.de\/en\/legal-notice\/","url":"https:\/\/www.umzug-mansholt.de\/en\/legal-notice\/","name":"Legal notice - Umz\u00fcge Mansholt | Your partner for removals, storage & transport","isPartOf":{"@id":"https:\/\/www.umzug-mansholt.de\/#website"},"datePublished":"2023-09-29T08:22:27+00:00","dateModified":"2024-02-06T11:12:23+00:00","description":"Legal notice \/ Company removals, private removals and special transport in Ganderkesee, Delmenhorst, Bremen, Oldenburg, Wildeshausen, Wilhelmshaven","breadcrumb":{"@id":"https:\/\/www.umzug-mansholt.de\/en\/legal-notice\/#breadcrumb"},"inLanguage":"en-US","potentialAction":[{"@type":"ReadAction","target":["https:\/\/www.umzug-mansholt.de\/en\/legal-notice\/"]}]},{"@type":"BreadcrumbList","@id":"https:\/\/www.umzug-mansholt.de\/en\/legal-notice\/#breadcrumb","itemListElement":[{"@type":"ListItem","position":1,"name":"Startseite","item":"https:\/\/www.umzug-mansholt.de\/en\/"},{"@type":"ListItem","position":2,"name":"Legal Notice"}]},{"@type":"WebSite","@id":"https:\/\/www.umzug-mansholt.de\/#website","url":"https:\/\/www.umzug-mansholt.de\/","name":"Umz\u00fcge Mansholt","description":"","potentialAction":[{"@type":"SearchAction","target":{"@type":"EntryPoint","urlTemplate":"https:\/\/www.umzug-mansholt.de\/?s={search_term_string}"},"query-input":{"@type":"PropertyValueSpecification","valueRequired":true,"valueName":"search_term_string"}}],"inLanguage":"en-US"}]}},"_links":{"self":[{"href":"https:\/\/www.umzug-mansholt.de\/en\/wp-json\/wp\/v2\/pages\/2753","targetHints":{"allow":["GET"]}}],"collection":[{"href":"https:\/\/www.umzug-mansholt.de\/en\/wp-json\/wp\/v2\/pages"}],"about":[{"href":"https:\/\/www.umzug-mansholt.de\/en\/wp-json\/wp\/v2\/types\/page"}],"author":[{"embeddable":true,"href":"https:\/\/www.umzug-mansholt.de\/en\/wp-json\/wp\/v2\/users\/1"}],"replies":[{"embeddable":true,"href":"https:\/\/www.umzug-mansholt.de\/en\/wp-json\/wp\/v2\/comments?post=2753"}],"version-history":[{"count":0,"href":"https:\/\/www.umzug-mansholt.de\/en\/wp-json\/wp\/v2\/pages\/2753\/revisions"}],"wp:attachment":[{"href":"https:\/\/www.umzug-mansholt.de\/en\/wp-json\/wp\/v2\/media?parent=2753"}],"curies":[{"name":"wp","href":"https:\/\/api.w.org\/{rel}","templated":true}]}}